{"id":3,"date":"2025-01-23T01:17:33","date_gmt":"2025-01-23T01:17:33","guid":{"rendered":"https:\/\/www.lamomeplage.lamomegroupe.com\/?page_id=3"},"modified":"2025-09-23T14:20:25","modified_gmt":"2025-09-23T14:20:25","slug":"mentions-legales","status":"publish","type":"page","link":"https:\/\/www.lamomelondon.com\/fr\/mentions-legales\/","title":{"rendered":"MENTIONS L\u00c9GALES"},"content":{"rendered":"\t\t<div data-elementor-type=\"wp-page\" data-elementor-id=\"3\" class=\"elementor elementor-3\" data-elementor-post-type=\"page\">\n\t\t\t\t<div class=\"elementor-element elementor-element-8eb4b7c pt-section-content-fullwidth e-flex e-con-boxed e-con e-parent\" data-id=\"8eb4b7c\" data-element_type=\"container\" data-e-type=\"container\" data-settings=\"{&quot;background_background&quot;:&quot;classic&quot;}\">\n\t\t\t\t\t<div class=\"e-con-inner\">\n\t\t<div class=\"elementor-element elementor-element-74aecbc dark-color e-con-full e-flex e-con e-child\" data-id=\"74aecbc\" data-element_type=\"container\" data-e-type=\"container\">\n\t\t\t\t<div class=\"elementor-element elementor-element-9c80e4c elementor-invisible elementor-widget elementor-widget-pt_title\" data-id=\"9c80e4c\" data-element_type=\"widget\" data-e-type=\"widget\" data-settings=\"{&quot;_animation&quot;:&quot;zoomIn&quot;}\" data-widget_type=\"pt_title.default\">\n\t\t\t\t<div class=\"elementor-widget-container\">\n\t\t\t\t\t\n        <div class=\"pt-title-wrap text-center\">\t            <h1 class=\"pt-title\">\n\t                Mentions L\u00e9gales\t            <\/h1>        <\/div>\t\t\t\t<\/div>\n\t\t\t\t<\/div>\n\t\t\t\t<div class=\"elementor-element elementor-element-2be6418 elementor-widget elementor-widget-spacer\" data-id=\"2be6418\" data-element_type=\"widget\" data-e-type=\"widget\" data-widget_type=\"spacer.default\">\n\t\t\t\t\t\t\t<div class=\"elementor-spacer\">\n\t\t\t<div class=\"elementor-spacer-inner\"><\/div>\n\t\t<\/div>\n\t\t\t\t\t\t<\/div>\n\t\t\t\t<\/div>\n\t\t\t\t\t<\/div>\n\t\t\t\t<\/div>\n\t\t<div class=\"elementor-element elementor-element-797f8dd6 e-flex e-con-boxed e-con e-parent\" data-id=\"797f8dd6\" data-element_type=\"container\" data-e-type=\"container\">\n\t\t\t\t\t<div class=\"e-con-inner\">\n\t\t\t\t<div class=\"elementor-element elementor-element-26e96822 elementor-widget elementor-widget-text-editor\" data-id=\"26e96822\" data-element_type=\"widget\" data-e-type=\"widget\" data-widget_type=\"text-editor.default\">\n\t\t\t\t\t\t\t\t\t\n<p><strong>Article 1 \u2013 MENTIONS L\u00c9GALES<\/strong><\/p>\n<p>En vertu de l\u2019article 6 de la loi n\u00b0 2004-575 du 21 juin 2004 pour la confiance dans l\u2019\u00e9conomie num\u00e9rique, il est pr\u00e9cis\u00e9 aux utilisateurs du site <a href=\"https:\/\/www.lamomelondon.com\" target=\"_new\" rel=\"noopener\">www.lamomelondon.com<\/a> l\u2019identit\u00e9 des diff\u00e9rents intervenants dans le cadre de sa r\u00e9alisation et de son suivi :<\/p>\n<p><strong>Soci\u00e9t\u00e9 \u00e9ditrice du site<\/strong> :<br \/><strong>LA MOME KNIGHTSBRIDGE LIMITED<\/strong><br \/>35 Ballards Lane<br \/>N3 1XW LONDON<br \/>United Kingdom<\/p>\n<p><strong>Site web<\/strong> : <a href=\"https:\/\/www.lamomelondon.com\" target=\"_new\" rel=\"noopener\">www.lamomelondon.com<\/a><br \/><strong>Cr\u00e9ateur du site<\/strong> : Pixels<br \/><strong>Webmaster<\/strong> : Olivier Latger<br \/><strong>H\u00e9bergeur<\/strong> : o2switch, 222 Boulevard Gustave Flaubert, 63000 Clermont-Ferrand, France<\/p>\n<p>Le directeur de la publication du site est LECORCHE, Antoine<\/p>\n<p><strong>Article 2 \u2013 DISPOSITIONS G\u00c9N\u00c9RALES RELATIVES AUX PR\u00c9SENTES CONDITIONS G\u00c9N\u00c9RALES D\u2019UTILISATION<\/strong><\/p>\n<p>Les conditions g\u00e9n\u00e9rales d\u2019utilisation (les \u00ab Conditions G\u00e9n\u00e9rales d\u2019Utilisation \u00bb ou les \u00ab CGU \u00bb) sont applicables exclusivement \u00e0 l\u2019utilisation du site internet <a target=\"_new\" rel=\"noopener\">www.lamomelondon.com<\/a>. Ces CGU sont mises \u00e0 la disposition des utilisateurs sur le site o\u00f9 elles sont directement consultables et peuvent \u00e9galement \u00eatre communiqu\u00e9es sur simple demande par tout moyen. L\u2019utilisation du site <a target=\"_new\" rel=\"noopener\">www.lamomelondon.com<\/a> implique l\u2019acceptation pleine et enti\u00e8re des CGU ci-apr\u00e8s d\u00e9crites. Ces conditions d\u2019utilisation peuvent \u00eatre modifi\u00e9es ou compl\u00e9t\u00e9es \u00e0 tout moment, les utilisateurs \u00e9tant invit\u00e9s \u00e0 les consulter r\u00e9guli\u00e8rement. En validant sa commande, l\u2019utilisateur reconna\u00eet avoir pris connaissance des CGU et les avoir accept\u00e9es.<\/p>\n<p><strong>Article 3 \u2013 DESCRIPTION DES SERVICES FOURNIS<\/strong><\/p>\n<p>Le site <a target=\"_new\" rel=\"noopener\">www.lamomelondon.com<\/a> a pour objectif de fournir des informations sur les activit\u00e9s de La M\u00f4me Knightsbridge Limited, notamment les services propos\u00e9s par le restaurant. La soci\u00e9t\u00e9 s\u2019efforce de fournir sur le site des informations pr\u00e9cises et actualis\u00e9es, mais ne peut \u00eatre tenue responsable des omissions, inexactitudes ou erreurs de mise \u00e0 jour.<\/p>\n<p>Les informations donn\u00e9es sont \u00e0 titre indicatif et peuvent \u00e9voluer \u00e0 tout moment.<\/p>\n<p><strong>Article 4 \u2013 LIMITATIONS CONTRACTUELLES SUR LES DONN\u00c9ES TECHNIQUES<\/strong><\/p>\n<p>Le site ne pourra \u00eatre tenu responsable de tout dommage mat\u00e9riel li\u00e9 \u00e0 l\u2019utilisation du site. L\u2019utilisateur s\u2019engage \u00e0 acc\u00e9der au site en utilisant un mat\u00e9riel r\u00e9cent, sans virus, et un navigateur \u00e0 jour.<\/p>\n<p><strong>Article 5 \u2013 PROPRI\u00c9T\u00c9 INTELLECTUELLE ET CONTREFA\u00c7ONS<\/strong><\/p>\n<p>La M\u00f4me Knightsbridge Limited est propri\u00e9taire des droits de propri\u00e9t\u00e9 intellectuelle ou d\u00e9tient les droits d\u2019usage sur tous les \u00e9l\u00e9ments accessibles sur le site, notamment les textes, images, graphismes, logos, ic\u00f4nes, sons, logiciels.<\/p>\n<p>Toute reproduction, repr\u00e9sentation, modification, publication, adaptation de tout ou partie des \u00e9l\u00e9ments du site est interdite sans autorisation pr\u00e9alable \u00e9crite de La M\u00f4me Knightsbridge Limited. Toute exploitation non autoris\u00e9e sera consid\u00e9r\u00e9e comme une contrefa\u00e7on et pourra \u00eatre poursuivie conform\u00e9ment aux lois en vigueur.<\/p>\n<p><strong>Article 6 \u2013 LIMITATIONS DE RESPONSABILIT\u00c9<\/strong><\/p>\n<p>La M\u00f4me Knightsbridge Limited ne pourra \u00eatre tenue responsable des dommages directs ou indirects caus\u00e9s au mat\u00e9riel de l\u2019utilisateur, lors de l\u2019acc\u00e8s au site, r\u00e9sultant de l\u2019utilisation d\u2019un mat\u00e9riel ne r\u00e9pondant pas aux sp\u00e9cifications, d\u2019un bug, ou d\u2019une incompatibilit\u00e9.<\/p>\n<p>De plus, la soci\u00e9t\u00e9 ne pourra \u00eatre tenue responsable des dommages indirects, tels qu\u2019une perte de march\u00e9 ou perte d\u2019une chance, cons\u00e9cutifs \u00e0 l\u2019utilisation du site.<\/p>\n<p>Des espaces interactifs peuvent \u00eatre mis \u00e0 disposition des utilisateurs. La M\u00f4me Knightsbridge Limited se r\u00e9serve le droit de supprimer tout contenu ne respectant pas la l\u00e9gislation applicable, notamment en mati\u00e8re de protection des donn\u00e9es. Elle pourra \u00e9galement engager la responsabilit\u00e9 civile ou p\u00e9nale de l\u2019utilisateur en cas de contenu illicite.<\/p>\n<p><strong>Article 7 \u2013 DROIT APPLICABLE ET ATTRIBUTION DE JURIDICTION<\/strong><\/p>\n<p>Le site <a target=\"_new\" rel=\"noopener\">www.lamomelondon.com<\/a> est soumis au droit anglais. Il est fait attribution exclusive de juridiction aux tribunaux comp\u00e9tents de Londres.<\/p>\n\t\t\t\t\t\t\t\t<\/div>\n\t\t\t\t\t<\/div>\n\t\t\t\t<\/div>\n\t\t\t\t<\/div>\n\t\t","protected":false},"excerpt":{"rendered":"<p>Mentions L\u00e9gales Article 1 \u2013 MENTIONS L\u00c9GALES En vertu de l\u2019article 6 de la loi n\u00b0 2004-575 du 21 juin 2004 pour la confiance dans l\u2019\u00e9conomie num\u00e9rique, il est pr\u00e9cis\u00e9 aux utilisateurs du site www.lamomelondon.com l\u2019identit\u00e9 des diff\u00e9rents intervenants dans le cadre de sa r\u00e9alisation et de son suivi : Soci\u00e9t\u00e9 \u00e9ditrice du site :LA &#8230;<\/p>\n","protected":false},"author":1,"featured_media":0,"parent":0,"menu_order":0,"comment_status":"closed","ping_status":"closed","template":"elementor_header_footer","meta":{"patiotime_single_page_hide_site_header":"","patiotime_single_page_site_header_source":"custom","patiotime_single_page_custom_site_header":"8379","patiotime_single_page_custom_sticky_site_header":"","patiotime_single_page_hide_page_title":"","patiotime_single_page_header_section_size":"","patiotime_single_page_header_background_color":"","patiotime_single_page_header_background_position_x":"center","patiotime_single_page_header_background_position_y":"center","patiotime_single_page_header_background_size":"cover","patiotime_single_page_header_background_repeat":"off","patiotime_single_page_header_background_scroll":"on","patiotime_single_page_header_text_color":"","patiotime_single_page_header_show_breadcrumb":"","patiotime_single_page_site_footer_hide_main":"","patiotime_single_page_site_footer_hide_above":"","patiotime_single_page_site_footer_hide_instagram":"","patiotime_single_page_site_footer_hide_bottom":"","footnotes":""},"class_list":["post-3","page","type-page","status-publish","hentry"],"yoast_head":"<!-- This site is optimized with the Yoast SEO plugin v27.1.1 - https:\/\/yoast.com\/product\/yoast-seo-wordpress\/ -->\n<title>MENTIONS L\u00c9GALES - La M\u00f4me London<\/title>\n<meta name=\"robots\" content=\"index, follow, max-snippet:-1, max-image-preview:large, max-video-preview:-1\" \/>\n<link rel=\"canonical\" href=\"https:\/\/www.lamomelondon.com\/fr\/mentions-legales\/\" \/>\n<meta property=\"og:locale\" content=\"fr_FR\" \/>\n<meta property=\"og:type\" content=\"article\" \/>\n<meta property=\"og:title\" content=\"MENTIONS L\u00c9GALES - La M\u00f4me London\" \/>\n<meta property=\"og:description\" content=\"Mentions L\u00e9gales Article 1 \u2013 MENTIONS L\u00c9GALES En vertu de l\u2019article 6 de la loi n\u00b0 2004-575 du 21 juin 2004 pour la confiance dans l\u2019\u00e9conomie num\u00e9rique, il est pr\u00e9cis\u00e9 aux utilisateurs du site www.lamomelondon.com l\u2019identit\u00e9 des diff\u00e9rents intervenants dans le cadre de sa r\u00e9alisation et de son suivi : Soci\u00e9t\u00e9 \u00e9ditrice du site :LA ...\" \/>\n<meta property=\"og:url\" content=\"https:\/\/www.lamomelondon.com\/fr\/mentions-legales\/\" \/>\n<meta property=\"og:site_name\" content=\"La M\u00f4me London\" \/>\n<meta property=\"article:publisher\" content=\"https:\/\/www.facebook.com\/people\/La-Mme-London\/61570530666669\/\" \/>\n<meta property=\"article:modified_time\" content=\"2025-09-23T14:20:25+00:00\" \/>\n<meta name=\"twitter:card\" content=\"summary_large_image\" \/>\n<meta name=\"twitter:label1\" content=\"Dur\u00e9e de lecture estim\u00e9e\" \/>\n\t<meta name=\"twitter:data1\" content=\"1 minute\" \/>\n<script type=\"application\/ld+json\" class=\"yoast-schema-graph\">{\"@context\":\"https:\/\/schema.org\",\"@graph\":[{\"@type\":\"WebPage\",\"@id\":\"https:\/\/www.lamomelondon.com\/fr\/mentions-legales\/\",\"url\":\"https:\/\/www.lamomelondon.com\/fr\/mentions-legales\/\",\"name\":\"MENTIONS L\u00c9GALES - La M\u00f4me London\",\"isPartOf\":{\"@id\":\"https:\/\/www.lamomelondon.com\/fr\/#website\"},\"datePublished\":\"2025-01-23T01:17:33+00:00\",\"dateModified\":\"2025-09-23T14:20:25+00:00\",\"breadcrumb\":{\"@id\":\"https:\/\/www.lamomelondon.com\/fr\/mentions-legales\/#breadcrumb\"},\"inLanguage\":\"fr-FR\",\"potentialAction\":[{\"@type\":\"ReadAction\",\"target\":[\"https:\/\/www.lamomelondon.com\/fr\/mentions-legales\/\"]}]},{\"@type\":\"BreadcrumbList\",\"@id\":\"https:\/\/www.lamomelondon.com\/fr\/mentions-legales\/#breadcrumb\",\"itemListElement\":[{\"@type\":\"ListItem\",\"position\":1,\"name\":\"Home\",\"item\":\"https:\/\/www.lamomelondon.com\/fr\/\"},{\"@type\":\"ListItem\",\"position\":2,\"name\":\"MENTIONS L\u00c9GALES\"}]},{\"@type\":\"WebSite\",\"@id\":\"https:\/\/www.lamomelondon.com\/fr\/#website\",\"url\":\"https:\/\/www.lamomelondon.com\/fr\/\",\"name\":\"La M\u00f4me London\",\"description\":\"La M\u00f4me London\",\"publisher\":{\"@id\":\"https:\/\/www.lamomelondon.com\/fr\/#organization\"},\"potentialAction\":[{\"@type\":\"SearchAction\",\"target\":{\"@type\":\"EntryPoint\",\"urlTemplate\":\"https:\/\/www.lamomelondon.com\/fr\/?s={search_term_string}\"},\"query-input\":{\"@type\":\"PropertyValueSpecification\",\"valueRequired\":true,\"valueName\":\"search_term_string\"}}],\"inLanguage\":\"fr-FR\"},{\"@type\":\"Organization\",\"@id\":\"https:\/\/www.lamomelondon.com\/fr\/#organization\",\"name\":\"La M\u00f4me London\",\"url\":\"https:\/\/www.lamomelondon.com\/fr\/\",\"logo\":{\"@type\":\"ImageObject\",\"inLanguage\":\"fr-FR\",\"@id\":\"https:\/\/www.lamomelondon.com\/fr\/#\/schema\/logo\/image\/\",\"url\":\"https:\/\/www.lamomelondon.com\/wp-content\/uploads\/2025\/01\/470797376_2636166666558498_6913385225275959117_n.jpg\",\"contentUrl\":\"https:\/\/www.lamomelondon.com\/wp-content\/uploads\/2025\/01\/470797376_2636166666558498_6913385225275959117_n.jpg\",\"width\":1080,\"height\":1080,\"caption\":\"La M\u00f4me London\"},\"image\":{\"@id\":\"https:\/\/www.lamomelondon.com\/fr\/#\/schema\/logo\/image\/\"},\"sameAs\":[\"https:\/\/www.facebook.com\/people\/La-Mme-London\/61570530666669\/\",\"https:\/\/www.instagram.com\/lamome.london\/\",\"https:\/\/fr.linkedin.com\/company\/la-mome-groupe\"]}]}<\/script>\n<!-- \/ Yoast SEO plugin. -->","yoast_head_json":{"title":"MENTIONS L\u00c9GALES - La M\u00f4me London","robots":{"index":"index","follow":"follow","max-snippet":"max-snippet:-1","max-image-preview":"max-image-preview:large","max-video-preview":"max-video-preview:-1"},"canonical":"https:\/\/www.lamomelondon.com\/fr\/mentions-legales\/","og_locale":"fr_FR","og_type":"article","og_title":"MENTIONS L\u00c9GALES - La M\u00f4me London","og_description":"Mentions L\u00e9gales Article 1 \u2013 MENTIONS L\u00c9GALES En vertu de l\u2019article 6 de la loi n\u00b0 2004-575 du 21 juin 2004 pour la confiance dans l\u2019\u00e9conomie num\u00e9rique, il est pr\u00e9cis\u00e9 aux utilisateurs du site www.lamomelondon.com l\u2019identit\u00e9 des diff\u00e9rents intervenants dans le cadre de sa r\u00e9alisation et de son suivi : Soci\u00e9t\u00e9 \u00e9ditrice du site :LA ...","og_url":"https:\/\/www.lamomelondon.com\/fr\/mentions-legales\/","og_site_name":"La M\u00f4me London","article_publisher":"https:\/\/www.facebook.com\/people\/La-Mme-London\/61570530666669\/","article_modified_time":"2025-09-23T14:20:25+00:00","twitter_card":"summary_large_image","twitter_misc":{"Dur\u00e9e de lecture estim\u00e9e":"1 minute"},"schema":{"@context":"https:\/\/schema.org","@graph":[{"@type":"WebPage","@id":"https:\/\/www.lamomelondon.com\/fr\/mentions-legales\/","url":"https:\/\/www.lamomelondon.com\/fr\/mentions-legales\/","name":"MENTIONS L\u00c9GALES - La M\u00f4me London","isPartOf":{"@id":"https:\/\/www.lamomelondon.com\/fr\/#website"},"datePublished":"2025-01-23T01:17:33+00:00","dateModified":"2025-09-23T14:20:25+00:00","breadcrumb":{"@id":"https:\/\/www.lamomelondon.com\/fr\/mentions-legales\/#breadcrumb"},"inLanguage":"fr-FR","potentialAction":[{"@type":"ReadAction","target":["https:\/\/www.lamomelondon.com\/fr\/mentions-legales\/"]}]},{"@type":"BreadcrumbList","@id":"https:\/\/www.lamomelondon.com\/fr\/mentions-legales\/#breadcrumb","itemListElement":[{"@type":"ListItem","position":1,"name":"Home","item":"https:\/\/www.lamomelondon.com\/fr\/"},{"@type":"ListItem","position":2,"name":"MENTIONS L\u00c9GALES"}]},{"@type":"WebSite","@id":"https:\/\/www.lamomelondon.com\/fr\/#website","url":"https:\/\/www.lamomelondon.com\/fr\/","name":"La M\u00f4me London","description":"La M\u00f4me London","publisher":{"@id":"https:\/\/www.lamomelondon.com\/fr\/#organization"},"potentialAction":[{"@type":"SearchAction","target":{"@type":"EntryPoint","urlTemplate":"https:\/\/www.lamomelondon.com\/fr\/?s={search_term_string}"},"query-input":{"@type":"PropertyValueSpecification","valueRequired":true,"valueName":"search_term_string"}}],"inLanguage":"fr-FR"},{"@type":"Organization","@id":"https:\/\/www.lamomelondon.com\/fr\/#organization","name":"La M\u00f4me London","url":"https:\/\/www.lamomelondon.com\/fr\/","logo":{"@type":"ImageObject","inLanguage":"fr-FR","@id":"https:\/\/www.lamomelondon.com\/fr\/#\/schema\/logo\/image\/","url":"https:\/\/www.lamomelondon.com\/wp-content\/uploads\/2025\/01\/470797376_2636166666558498_6913385225275959117_n.jpg","contentUrl":"https:\/\/www.lamomelondon.com\/wp-content\/uploads\/2025\/01\/470797376_2636166666558498_6913385225275959117_n.jpg","width":1080,"height":1080,"caption":"La M\u00f4me London"},"image":{"@id":"https:\/\/www.lamomelondon.com\/fr\/#\/schema\/logo\/image\/"},"sameAs":["https:\/\/www.facebook.com\/people\/La-Mme-London\/61570530666669\/","https:\/\/www.instagram.com\/lamome.london\/","https:\/\/fr.linkedin.com\/company\/la-mome-groupe"]}]}},"_links":{"self":[{"href":"https:\/\/www.lamomelondon.com\/fr\/wp-json\/wp\/v2\/pages\/3","targetHints":{"allow":["GET"]}}],"collection":[{"href":"https:\/\/www.lamomelondon.com\/fr\/wp-json\/wp\/v2\/pages"}],"about":[{"href":"https:\/\/www.lamomelondon.com\/fr\/wp-json\/wp\/v2\/types\/page"}],"author":[{"embeddable":true,"href":"https:\/\/www.lamomelondon.com\/fr\/wp-json\/wp\/v2\/users\/1"}],"replies":[{"embeddable":true,"href":"https:\/\/www.lamomelondon.com\/fr\/wp-json\/wp\/v2\/comments?post=3"}],"version-history":[{"count":0,"href":"https:\/\/www.lamomelondon.com\/fr\/wp-json\/wp\/v2\/pages\/3\/revisions"}],"wp:attachment":[{"href":"https:\/\/www.lamomelondon.com\/fr\/wp-json\/wp\/v2\/media?parent=3"}],"curies":[{"name":"wp","href":"https:\/\/api.w.org\/{rel}","templated":true}]}}